{"id":46,"date":"2018-05-22T11:44:52","date_gmt":"2018-05-22T11:44:52","guid":{"rendered":"http:\/\/biehler-medical.com\/?page_id=46"},"modified":"2018-05-22T14:48:47","modified_gmt":"2018-05-22T14:48:47","slug":"impressum","status":"publish","type":"page","link":"https:\/\/biehler-medical.com\/?page_id=46","title":{"rendered":"Impressum"},"content":{"rendered":"<div>\n<div id=\"text\" class=\"tab-pane active\">\n<p>Biehler Sportswear GmbH &amp; Co. KG<\/p>\n<p>Eichelbergstra\u00dfe 16<br \/>\n<span data-mce-mark=\"1\">09212 Limbach-Oberfrohna<br \/>\n<\/span>Deutschland<\/p>\n<p><span data-mce-mark=\"1\">Telefon: +49 (0)3722 638504 &#8211; 0<\/span><\/p>\n<p><span data-mce-mark=\"1\">Fax: +49 (0)3722 698504 \u2013 0<\/p>\n<p><\/span>E-Mail: info@biehler-medical.com<\/p>\n<p>Handelsregister: Amtsgericht Chemnitz, HRA 8502<\/p>\n<p>Umsatzsteuer-Identifikationsnummer: DE 310236888<\/p>\n<p>vertreten durch die gesch\u00e4ftsf\u00fchrende Gesellschafterin:<br \/>\nBiehler Sportswear GmbH<br \/>\ndiese vertreten durch ihre(n) Gesch\u00e4ftsf\u00fchrer: Steffi Barth, Sascha Winkler<\/p>\n<p>Handelsregister: Amtsgericht Chemnitz, HRB 30785<\/p>\n<div>Verantwortlich gem\u00e4\u00df \u00a7 55 RStV:<br \/>\nFranziska Schrednitzki<br \/>\nEichelbergstra\u00dfe 16<br \/>\n09212 Limbach-Oberfrohna<\/div>\n<p>Die Europ\u00e4ische Kommission stellt eine Plattform zur Online-Streitbeilegung (OS) bereit, die Sie hier finden<a href=\"https:\/\/ec.europa.eu\/consumers\/odr\/\" rel=\"nofollow\">\u00a0https:\/\/ec.europa.eu\/consumers\/odr\/.\u00a0<\/a><br \/>\nWir sind bereit, an einem au\u00dfergerichtlichen Schlichtungsverfahren vor einer Verbraucherschlichtungsstelle teilzunehmen.<\/p>\n<\/div>\n<\/div>\n<div>\n<p>Haftungshinweis<\/p>\n<p>I. Trotz sorgf\u00e4ltiger inhaltlicher Kontrolle \u00fcbernehmen wir keine Haftung f\u00fcr die Inhalte externer Links. F\u00fcr den Inhalt der verlinkten Seiten sind ausschlie\u00dflich deren Betreiber verantwortlich.<\/p>\n<\/div>\n","protected":false},"excerpt":{"rendered":"<p>Biehler Sportswear GmbH &amp; Co. KG Eichelbergstra\u00dfe 16 09212 Limbach-Oberfrohna Deutschland Telefon: +49 (0)3722 638504 &#8211; 0 Fax: +49 (0)3722 698504 \u2013 0 E-Mail: info@biehler-medical.com Handelsregister: Amtsgericht Chemnitz, HRA 8502 Umsatzsteuer-Identifikationsnummer: DE 310236888 vertreten durch die gesch\u00e4ftsf\u00fchrende Gesellschafterin: Biehler Sportswear GmbH diese vertreten durch ihre(n) Gesch\u00e4ftsf\u00fchrer: Steffi Barth, Sascha Winkler Handelsregister: Amtsgericht Chemnitz, HRB 30785&hellip; <br \/> <a class=\"read-more\" href=\"https:\/\/biehler-medical.com\/?page_id=46\">Weiterlesen<\/a><\/p>\n","protected":false},"author":1,"featured_media":0,"parent":0,"menu_order":0,"comment_status":"closed","ping_status":"closed","template":"","meta":{"footnotes":""},"class_list":["post-46","page","type-page","status-publish","hentry"],"_links":{"self":[{"href":"https:\/\/biehler-medical.com\/index.php?rest_route=\/wp\/v2\/pages\/46","targetHints":{"allow":["GET"]}}],"collection":[{"href":"https:\/\/biehler-medical.com\/index.php?rest_route=\/wp\/v2\/pages"}],"about":[{"href":"https:\/\/biehler-medical.com\/index.php?rest_route=\/wp\/v2\/types\/page"}],"author":[{"embeddable":true,"href":"https:\/\/biehler-medical.com\/index.php?rest_route=\/wp\/v2\/users\/1"}],"replies":[{"embeddable":true,"href":"https:\/\/biehler-medical.com\/index.php?rest_route=%2Fwp%2Fv2%2Fcomments&post=46"}],"version-history":[{"count":3,"href":"https:\/\/biehler-medical.com\/index.php?rest_route=\/wp\/v2\/pages\/46\/revisions"}],"predecessor-version":[{"id":74,"href":"https:\/\/biehler-medical.com\/index.php?rest_route=\/wp\/v2\/pages\/46\/revisions\/74"}],"wp:attachment":[{"href":"https:\/\/biehler-medical.com\/index.php?rest_route=%2Fwp%2Fv2%2Fmedia&parent=46"}],"curies":[{"name":"wp","href":"https:\/\/api.w.org\/{rel}","templated":true}]}}